{"id":38,"date":"2020-03-23T16:47:42","date_gmt":"2020-03-23T16:47:42","guid":{"rendered":"http:\/\/waschprinz-my.de\/?page_id=38"},"modified":"2020-05-29T12:11:42","modified_gmt":"2020-05-29T12:11:42","slug":"services","status":"publish","type":"page","link":"https:\/\/waschprinz-my.de\/?page_id=38","title":{"rendered":"Services"},"content":{"rendered":"\t\t<div data-elementor-type=\"wp-page\" data-elementor-id=\"38\" class=\"elementor elementor-38\">\n\t\t\t\t\t\t<section class=\"elementor-section elementor-top-section elementor-element elementor-element-deb6448 elementor-section-full_width elementor-section-height-default elementor-section-height-default\" data-id=\"deb6448\" data-element_type=\"section\" data-e-type=\"section\">\n\t\t\t\t\t\t<div class=\"elementor-container elementor-column-gap-default\">\n\t\t\t\t\t<div class=\"elementor-column elementor-col-100 elementor-top-column elementor-element elementor-element-36c16a8\" data-id=\"36c16a8\" data-element_type=\"column\" data-e-type=\"column\">\n\t\t\t<div class=\"elementor-widget-wrap elementor-element-populated\">\n\t\t\t\t\t\t<div class=\"elementor-element elementor-element-7b02224 elementor-widget elementor-widget-heading\" data-id=\"7b02224\" data-element_type=\"widget\" data-e-type=\"widget\" data-widget_type=\"heading.default\">\n\t\t\t\t<div class=\"elementor-widget-container\">\n\t\t\t\t\t<h2 class=\"elementor-heading-title elementor-size-default\">Unsere Leistungen<\/h2>\t\t\t\t<\/div>\n\t\t\t\t<\/div>\n\t\t\t\t<div class=\"elementor-element elementor-element-678f65f elementor-widget elementor-widget-text-editor\" data-id=\"678f65f\" data-element_type=\"widget\" data-e-type=\"widget\" data-widget_type=\"text-editor.default\">\n\t\t\t\t<div class=\"elementor-widget-container\">\n\t\t\t\t\t\t\t\t\t<p>Wir reinigen Ihr Fahrzeug, Motorrad, Wohnmobil oder Boot ganz nach Ihren Bed\u00fcrfnissen. <br>Unteranderem koplett Aufbereitungen innen- und au\u00dfen. <br>Des Weiteren bieten wir Ihnen Nano oder Keramikversiegelungen f\u00fcr Ihr Schmuckst\u00fcck. <br>Oder holen Sie einen Gutschein, damit machen Sie anderen eine Freude.<\/p>\n<pre>Preise sind je nach Auto und Verschmutzung unterschielich. Sprechen Sie uns an.<\/pre>\t\t\t\t\t\t\t\t<\/div>\n\t\t\t\t<\/div>\n\t\t\t\t<div class=\"elementor-element elementor-element-759e790 elementor-widget elementor-widget-accordion\" data-id=\"759e790\" data-element_type=\"widget\" data-e-type=\"widget\" data-widget_type=\"accordion.default\">\n\t\t\t\t<div class=\"elementor-widget-container\">\n\t\t\t\t\t\t\t<div class=\"elementor-accordion\">\n\t\t\t\t\t\t\t<div class=\"elementor-accordion-item\">\n\t\t\t\t\t<div id=\"elementor-tab-title-1231\" class=\"elementor-tab-title\" data-tab=\"1\" role=\"button\" aria-controls=\"elementor-tab-content-1231\" aria-expanded=\"false\">\n\t\t\t\t\t\t\t\t\t\t\t\t\t<span class=\"elementor-accordion-icon elementor-accordion-icon-left\" aria-hidden=\"true\">\n\t\t\t\t\t\t\t\t\t\t\t\t\t\t\t<span class=\"elementor-accordion-icon-closed\"><i class=\"fas fa-plus\"><\/i><\/span>\n\t\t\t\t\t\t\t\t<span class=\"elementor-accordion-icon-opened\"><i class=\"fas fa-minus\"><\/i><\/span>\n\t\t\t\t\t\t\t\t\t\t\t\t\t\t<\/span>\n\t\t\t\t\t\t\t\t\t\t\t\t<a class=\"elementor-accordion-title\" tabindex=\"0\">PKW<\/a>\n\t\t\t\t\t<\/div>\n\t\t\t\t\t<div id=\"elementor-tab-content-1231\" class=\"elementor-tab-content elementor-clearfix\" data-tab=\"1\" role=\"region\" aria-labelledby=\"elementor-tab-title-1231\"><ul>\n<li>Handw\u00e4sche<\/li>\n<li>Innenreinigung<\/li>\n<li>Komplettpflege (Innen- und Au\u00dfenreinigung)<\/li>\n<\/ul><\/div>\n\t\t\t\t<\/div>\n\t\t\t\t\t\t\t<div class=\"elementor-accordion-item\">\n\t\t\t\t\t<div id=\"elementor-tab-title-1232\" class=\"elementor-tab-title\" data-tab=\"2\" role=\"button\" aria-controls=\"elementor-tab-content-1232\" aria-expanded=\"false\">\n\t\t\t\t\t\t\t\t\t\t\t\t\t<span class=\"elementor-accordion-icon elementor-accordion-icon-left\" aria-hidden=\"true\">\n\t\t\t\t\t\t\t\t\t\t\t\t\t\t\t<span class=\"elementor-accordion-icon-closed\"><i class=\"fas fa-plus\"><\/i><\/span>\n\t\t\t\t\t\t\t\t<span class=\"elementor-accordion-icon-opened\"><i class=\"fas fa-minus\"><\/i><\/span>\n\t\t\t\t\t\t\t\t\t\t\t\t\t\t<\/span>\n\t\t\t\t\t\t\t\t\t\t\t\t<a class=\"elementor-accordion-title\" tabindex=\"0\">SUV<\/a>\n\t\t\t\t\t<\/div>\n\t\t\t\t\t<div id=\"elementor-tab-content-1232\" class=\"elementor-tab-content elementor-clearfix\" data-tab=\"2\" role=\"region\" aria-labelledby=\"elementor-tab-title-1232\"><ul><li>Innenreinigung<\/li><li>Au\u00dfenreinigung<\/li><li>Komplettreinigung (innen- und Au\u00dfen)<\/li><\/ul><\/div>\n\t\t\t\t<\/div>\n\t\t\t\t\t\t\t<div class=\"elementor-accordion-item\">\n\t\t\t\t\t<div id=\"elementor-tab-title-1233\" class=\"elementor-tab-title\" data-tab=\"3\" role=\"button\" aria-controls=\"elementor-tab-content-1233\" aria-expanded=\"false\">\n\t\t\t\t\t\t\t\t\t\t\t\t\t<span class=\"elementor-accordion-icon elementor-accordion-icon-left\" aria-hidden=\"true\">\n\t\t\t\t\t\t\t\t\t\t\t\t\t\t\t<span class=\"elementor-accordion-icon-closed\"><i class=\"fas fa-plus\"><\/i><\/span>\n\t\t\t\t\t\t\t\t<span class=\"elementor-accordion-icon-opened\"><i class=\"fas fa-minus\"><\/i><\/span>\n\t\t\t\t\t\t\t\t\t\t\t\t\t\t<\/span>\n\t\t\t\t\t\t\t\t\t\t\t\t<a class=\"elementor-accordion-title\" tabindex=\"0\">Van<\/a>\n\t\t\t\t\t<\/div>\n\t\t\t\t\t<div id=\"elementor-tab-content-1233\" class=\"elementor-tab-content elementor-clearfix\" data-tab=\"3\" role=\"region\" aria-labelledby=\"elementor-tab-title-1233\"><ul><li>Innenreinigung<\/li><li>Au\u00dfenreinigung<\/li><li>Komplettpflege (Innen- und Au\u00dfen)<\/li><\/ul><\/div>\n\t\t\t\t<\/div>\n\t\t\t\t\t\t\t<div class=\"elementor-accordion-item\">\n\t\t\t\t\t<div id=\"elementor-tab-title-1234\" class=\"elementor-tab-title\" data-tab=\"4\" role=\"button\" aria-controls=\"elementor-tab-content-1234\" aria-expanded=\"false\">\n\t\t\t\t\t\t\t\t\t\t\t\t\t<span class=\"elementor-accordion-icon elementor-accordion-icon-left\" aria-hidden=\"true\">\n\t\t\t\t\t\t\t\t\t\t\t\t\t\t\t<span class=\"elementor-accordion-icon-closed\"><i class=\"fas fa-plus\"><\/i><\/span>\n\t\t\t\t\t\t\t\t<span class=\"elementor-accordion-icon-opened\"><i class=\"fas fa-minus\"><\/i><\/span>\n\t\t\t\t\t\t\t\t\t\t\t\t\t\t<\/span>\n\t\t\t\t\t\t\t\t\t\t\t\t<a class=\"elementor-accordion-title\" tabindex=\"0\">Transporter<\/a>\n\t\t\t\t\t<\/div>\n\t\t\t\t\t<div id=\"elementor-tab-content-1234\" class=\"elementor-tab-content elementor-clearfix\" data-tab=\"4\" role=\"region\" aria-labelledby=\"elementor-tab-title-1234\"><ul><li>Innenreinigung<\/li><li>Au\u00dfenreinigung<\/li><li>Komplettpflege (Innen- und Au\u00dfen)<\/li><\/ul><\/div>\n\t\t\t\t<\/div>\n\t\t\t\t\t\t\t<div class=\"elementor-accordion-item\">\n\t\t\t\t\t<div id=\"elementor-tab-title-1235\" class=\"elementor-tab-title\" data-tab=\"5\" role=\"button\" aria-controls=\"elementor-tab-content-1235\" aria-expanded=\"false\">\n\t\t\t\t\t\t\t\t\t\t\t\t\t<span class=\"elementor-accordion-icon elementor-accordion-icon-left\" aria-hidden=\"true\">\n\t\t\t\t\t\t\t\t\t\t\t\t\t\t\t<span class=\"elementor-accordion-icon-closed\"><i class=\"fas fa-plus\"><\/i><\/span>\n\t\t\t\t\t\t\t\t<span class=\"elementor-accordion-icon-opened\"><i class=\"fas fa-minus\"><\/i><\/span>\n\t\t\t\t\t\t\t\t\t\t\t\t\t\t<\/span>\n\t\t\t\t\t\t\t\t\t\t\t\t<a class=\"elementor-accordion-title\" tabindex=\"0\">Wohnwagenw\u00e4scche<\/a>\n\t\t\t\t\t<\/div>\n\t\t\t\t\t<div id=\"elementor-tab-content-1235\" class=\"elementor-tab-content elementor-clearfix\" data-tab=\"5\" role=\"region\" aria-labelledby=\"elementor-tab-title-1235\"><ul><li>Au\u00dfenreinigung &#8211; Ohne Dach (je Meter)<\/li><li>Au\u00dfenreinigung &#8211; inkl. Dach\u00a0<\/li><\/ul><\/div>\n\t\t\t\t<\/div>\n\t\t\t\t\t\t\t<div class=\"elementor-accordion-item\">\n\t\t\t\t\t<div id=\"elementor-tab-title-1236\" class=\"elementor-tab-title\" data-tab=\"6\" role=\"button\" aria-controls=\"elementor-tab-content-1236\" aria-expanded=\"false\">\n\t\t\t\t\t\t\t\t\t\t\t\t\t<span class=\"elementor-accordion-icon elementor-accordion-icon-left\" aria-hidden=\"true\">\n\t\t\t\t\t\t\t\t\t\t\t\t\t\t\t<span class=\"elementor-accordion-icon-closed\"><i class=\"fas fa-plus\"><\/i><\/span>\n\t\t\t\t\t\t\t\t<span class=\"elementor-accordion-icon-opened\"><i class=\"fas fa-minus\"><\/i><\/span>\n\t\t\t\t\t\t\t\t\t\t\t\t\t\t<\/span>\n\t\t\t\t\t\t\t\t\t\t\t\t<a class=\"elementor-accordion-title\" tabindex=\"0\">Carbrioverdeck Impr\u00e4gnierung<\/a>\n\t\t\t\t\t<\/div>\n\t\t\t\t\t<div id=\"elementor-tab-content-1236\" class=\"elementor-tab-content elementor-clearfix\" data-tab=\"6\" role=\"region\" aria-labelledby=\"elementor-tab-title-1236\"><p>Impr\u00e4gnierung inkl. Vorreinigung sowie Aussenw\u00e4sche<\/p><\/div>\n\t\t\t\t<\/div>\n\t\t\t\t\t\t\t<div class=\"elementor-accordion-item\">\n\t\t\t\t\t<div id=\"elementor-tab-title-1237\" class=\"elementor-tab-title\" data-tab=\"7\" role=\"button\" aria-controls=\"elementor-tab-content-1237\" aria-expanded=\"false\">\n\t\t\t\t\t\t\t\t\t\t\t\t\t<span class=\"elementor-accordion-icon elementor-accordion-icon-left\" aria-hidden=\"true\">\n\t\t\t\t\t\t\t\t\t\t\t\t\t\t\t<span class=\"elementor-accordion-icon-closed\"><i class=\"fas fa-plus\"><\/i><\/span>\n\t\t\t\t\t\t\t\t<span class=\"elementor-accordion-icon-opened\"><i class=\"fas fa-minus\"><\/i><\/span>\n\t\t\t\t\t\t\t\t\t\t\t\t\t\t<\/span>\n\t\t\t\t\t\t\t\t\t\t\t\t<a class=\"elementor-accordion-title\" tabindex=\"0\">sonstiges im \u00c4u\u00dferenbereich<\/a>\n\t\t\t\t\t<\/div>\n\t\t\t\t\t<div id=\"elementor-tab-content-1237\" class=\"elementor-tab-content elementor-clearfix\" data-tab=\"7\" role=\"region\" aria-labelledby=\"elementor-tab-title-1237\"><ul>\n<li>&nbsp;Motorw\u00e4sche<\/li><li>Unterbodenreinnigung<\/li><li>Extra &#8211; Felgenreinigung (Speziell per Handw\u00e4sche)<\/li>\n<\/ul><\/div>\n\t\t\t\t<\/div>\n\t\t\t\t\t\t\t<div class=\"elementor-accordion-item\">\n\t\t\t\t\t<div id=\"elementor-tab-title-1238\" class=\"elementor-tab-title\" data-tab=\"8\" role=\"button\" aria-controls=\"elementor-tab-content-1238\" aria-expanded=\"false\">\n\t\t\t\t\t\t\t\t\t\t\t\t\t<span class=\"elementor-accordion-icon elementor-accordion-icon-left\" aria-hidden=\"true\">\n\t\t\t\t\t\t\t\t\t\t\t\t\t\t\t<span class=\"elementor-accordion-icon-closed\"><i class=\"fas fa-plus\"><\/i><\/span>\n\t\t\t\t\t\t\t\t<span class=\"elementor-accordion-icon-opened\"><i class=\"fas fa-minus\"><\/i><\/span>\n\t\t\t\t\t\t\t\t\t\t\t\t\t\t<\/span>\n\t\t\t\t\t\t\t\t\t\t\t\t<a class=\"elementor-accordion-title\" tabindex=\"0\">sonstisges  im Innenbereich<\/a>\n\t\t\t\t\t<\/div>\n\t\t\t\t\t<div id=\"elementor-tab-content-1238\" class=\"elementor-tab-content elementor-clearfix\" data-tab=\"8\" role=\"region\" aria-labelledby=\"elementor-tab-title-1238\"><ul><li>Lederpflege<\/li><li>Stoff\/Polster Reinigung<\/li><li>Ozonbehandlung<\/li><\/ul><\/div>\n\t\t\t\t<\/div>\n\t\t\t\t\t\t\t<div class=\"elementor-accordion-item\">\n\t\t\t\t\t<div id=\"elementor-tab-title-1239\" class=\"elementor-tab-title\" data-tab=\"9\" role=\"button\" aria-controls=\"elementor-tab-content-1239\" aria-expanded=\"false\">\n\t\t\t\t\t\t\t\t\t\t\t\t\t<span class=\"elementor-accordion-icon elementor-accordion-icon-left\" aria-hidden=\"true\">\n\t\t\t\t\t\t\t\t\t\t\t\t\t\t\t<span class=\"elementor-accordion-icon-closed\"><i class=\"fas fa-plus\"><\/i><\/span>\n\t\t\t\t\t\t\t\t<span class=\"elementor-accordion-icon-opened\"><i class=\"fas fa-minus\"><\/i><\/span>\n\t\t\t\t\t\t\t\t\t\t\t\t\t\t<\/span>\n\t\t\t\t\t\t\t\t\t\t\t\t<a class=\"elementor-accordion-title\" tabindex=\"0\">Akkordeon Titel<\/a>\n\t\t\t\t\t<\/div>\n\t\t\t\t\t<div id=\"elementor-tab-content-1239\" class=\"elementor-tab-content elementor-clearfix\" data-tab=\"9\" role=\"region\" aria-labelledby=\"elementor-tab-title-1239\">Akkordeon Inhalt<\/div>\n\t\t\t\t<\/div>\n\t\t\t\t\t\t\t\t<\/div>\n\t\t\t\t\t\t<\/div>\n\t\t\t\t<\/div>\n\t\t\t\t\t<\/div>\n\t\t<\/div>\n\t\t\t\t\t<\/div>\n\t\t<\/section>\n\t\t\t\t<section class=\"elementor-section elementor-top-section elementor-element elementor-element-2c3dcef5 elementor-section-content-middle elementor-section-boxed elementor-section-height-default elementor-section-height-default\" data-id=\"2c3dcef5\" data-element_type=\"section\" data-e-type=\"section\">\n\t\t\t\t\t\t<div class=\"elementor-container elementor-column-gap-no\">\n\t\t\t\t\t<div class=\"elementor-column elementor-col-50 elementor-top-column elementor-element elementor-element-7d5d2b1\" data-id=\"7d5d2b1\" data-element_type=\"column\" data-e-type=\"column\">\n\t\t\t<div class=\"elementor-widget-wrap elementor-element-populated\">\n\t\t\t\t\t\t<div class=\"elementor-element elementor-element-10405e69 elementor-widget elementor-widget-image\" data-id=\"10405e69\" data-element_type=\"widget\" data-e-type=\"widget\" data-widget_type=\"image.default\">\n\t\t\t\t<div class=\"elementor-widget-container\">\n\t\t\t\t\t\t\t\t\t\t\t\t\t\t\t<img fetchpriority=\"high\" decoding=\"async\" width=\"609\" height=\"672\" src=\"https:\/\/waschprinz-my.de\/wp-content\/uploads\/2020\/05\/wasch6-e1590753861401.jpg\" class=\"attachment-full size-full wp-image-98\" alt=\"\" srcset=\"https:\/\/waschprinz-my.de\/wp-content\/uploads\/2020\/05\/wasch6-e1590753861401.jpg 609w, https:\/\/waschprinz-my.de\/wp-content\/uploads\/2020\/05\/wasch6-e1590753861401-272x300.jpg 272w, https:\/\/waschprinz-my.de\/wp-content\/uploads\/2020\/05\/wasch6-e1590753861401-230x254.jpg 230w, https:\/\/waschprinz-my.de\/wp-content\/uploads\/2020\/05\/wasch6-e1590753861401-350x386.jpg 350w, https:\/\/waschprinz-my.de\/wp-content\/uploads\/2020\/05\/wasch6-e1590753861401-480x530.jpg 480w\" sizes=\"(max-width: 609px) 100vw, 609px\" \/>\t\t\t\t\t\t\t\t\t\t\t\t\t\t\t<\/div>\n\t\t\t\t<\/div>\n\t\t\t\t\t<\/div>\n\t\t<\/div>\n\t\t\t\t<div class=\"elementor-column elementor-col-50 elementor-top-column elementor-element elementor-element-1c812247\" data-id=\"1c812247\" data-element_type=\"column\" data-e-type=\"column\">\n\t\t\t<div class=\"elementor-widget-wrap elementor-element-populated\">\n\t\t\t\t\t\t<div class=\"elementor-element elementor-element-64c923e4 elementor-widget elementor-widget-heading\" data-id=\"64c923e4\" data-element_type=\"widget\" data-e-type=\"widget\" data-widget_type=\"heading.default\">\n\t\t\t\t<div class=\"elementor-widget-container\">\n\t\t\t\t\t<h2 class=\"elementor-heading-title elementor-size-default\">Nano - Versiegelung<\/h2>\t\t\t\t<\/div>\n\t\t\t\t<\/div>\n\t\t\t\t<div class=\"elementor-element elementor-element-50cc60ae elementor-widget elementor-widget-text-editor\" data-id=\"50cc60ae\" data-element_type=\"widget\" data-e-type=\"widget\" data-widget_type=\"text-editor.default\">\n\t\t\t\t<div class=\"elementor-widget-container\">\n\t\t\t\t\t\t\t\t\t<p><span style=\"font-family: Tahoma, Arial, Helvetica, sanf-serif; font-size: 12px;\">Der Lack, die Scheiben, aber auch Felgen, Polster und s\u00e4mtliche Plastikteile k\u00f6nnen mit der Versiegelung gesch\u00fctzt werden. Eine Autow\u00e4sche wird dadurch fast unn\u00f6tig, denn die\u00a0<\/span><strong style=\"background-image: initial; background-position: initial; background-size: initial; background-repeat: initial; background-attachment: initial; background-origin: initial; background-clip: initial; border: 0px; font-size: 12px; margin: 0px; outline: 0px; padding: 0px; vertical-align: baseline; font-family: Tahoma, Arial, Helvetica, sanf-serif;\">Nanoversiegelung<\/strong><span style=\"font-family: Tahoma, Arial, Helvetica, sanf-serif; font-size: 12px;\">\u00a0am\u00a0<\/span><strong style=\"background-image: initial; background-position: initial; background-size: initial; background-repeat: initial; background-attachment: initial; background-origin: initial; background-clip: initial; border: 0px; font-size: 12px; margin: 0px; outline: 0px; padding: 0px; vertical-align: baseline; font-family: Tahoma, Arial, Helvetica, sanf-serif;\">Auto<\/strong><span style=\"font-family: Tahoma, Arial, Helvetica, sanf-serif; font-size: 12px;\">\u00a0fungiert schmutzabweisend. Wer sein Auto nicht st\u00e4ndig waschen m\u00f6chte, setzt auf die\u00a0<\/span><strong style=\"background-image: initial; background-position: initial; background-size: initial; background-repeat: initial; background-attachment: initial; background-origin: initial; background-clip: initial; border: 0px; font-size: 12px; margin: 0px; outline: 0px; padding: 0px; vertical-align: baseline; font-family: Tahoma, Arial, Helvetica, sanf-serif;\">Nanoversiegelung<\/strong><span style=\"font-family: Tahoma, Arial, Helvetica, sanf-serif; font-size: 12px;\">. Das\u00a0<\/span><strong style=\"background-image: initial; background-position: initial; background-size: initial; background-repeat: initial; background-attachment: initial; background-origin: initial; background-clip: initial; border: 0px; font-size: 12px; margin: 0px; outline: 0px; padding: 0px; vertical-align: baseline; font-family: Tahoma, Arial, Helvetica, sanf-serif;\">Auto<\/strong><span style=\"font-family: Tahoma, Arial, Helvetica, sanf-serif; font-size: 12px;\">\u00a0w\u00e4scht sich bei Regen f\u00f6rmlich selbst.<\/span><br style=\"font-family: Tahoma, Arial, Helvetica, sanf-serif; font-size: 12px;\" \/><span style=\"font-family: Tahoma, Arial, Helvetica, sanf-serif; font-size: 12px;\">Auch nach Regen sieht das Auto immer noch aus wie frisch gereinigt. Regentropfen k\u00f6nnen nicht anhaften, sie perlen ab. Die Nanoversiegelung bietet eine l\u00e4ngere Wirkungsdauer als acryl-, silikon- oder andere \u00f6lhaltige Produkte. Die Lackversiegelung sch\u00fctzt vor sch\u00e4dlichen UV-Strahlen und Umwelteinfl\u00fcssen, Vogelkot und Witterungseinfl\u00fcssen. Die\u00a0<\/span><strong style=\"background-image: initial; background-position: initial; background-size: initial; background-repeat: initial; background-attachment: initial; background-origin: initial; background-clip: initial; border: 0px; font-size: 12px; margin: 0px; outline: 0px; padding: 0px; vertical-align: baseline; font-family: Tahoma, Arial, Helvetica, sanf-serif;\">Nanoversiegelung<\/strong><span style=\"font-family: Tahoma, Arial, Helvetica, sanf-serif; font-size: 12px;\">\u00a0f\u00fcrs\u00a0<\/span><strong style=\"background-image: initial; background-position: initial; background-size: initial; background-repeat: initial; background-attachment: initial; background-origin: initial; background-clip: initial; border: 0px; font-size: 12px; margin: 0px; outline: 0px; padding: 0px; vertical-align: baseline; font-family: Tahoma, Arial, Helvetica, sanf-serif;\">Auto<\/strong><span style=\"font-family: Tahoma, Arial, Helvetica, sanf-serif; font-size: 12px;\">\u00a0ist einfach, kosteng\u00fcnstig und umweltsparend und l\u00e4sst das Fahrzeug l\u00e4nger in strahlendem Glanz erscheinen.<\/span><\/p>\t\t\t\t\t\t\t\t<\/div>\n\t\t\t\t<\/div>\n\t\t\t\t\t<\/div>\n\t\t<\/div>\n\t\t\t\t\t<\/div>\n\t\t<\/section>\n\t\t\t\t<section class=\"elementor-section elementor-top-section elementor-element elementor-element-15b3663 elementor-section-content-middle elementor-section-boxed elementor-section-height-default elementor-section-height-default\" data-id=\"15b3663\" data-element_type=\"section\" data-e-type=\"section\">\n\t\t\t\t\t\t<div class=\"elementor-container elementor-column-gap-no\">\n\t\t\t\t\t<div class=\"elementor-column elementor-col-50 elementor-top-column elementor-element elementor-element-22ee1a5\" data-id=\"22ee1a5\" data-element_type=\"column\" data-e-type=\"column\">\n\t\t\t<div class=\"elementor-widget-wrap elementor-element-populated\">\n\t\t\t\t\t\t<div class=\"elementor-element elementor-element-08f8073 elementor-widget elementor-widget-heading\" data-id=\"08f8073\" data-element_type=\"widget\" data-e-type=\"widget\" data-widget_type=\"heading.default\">\n\t\t\t\t<div class=\"elementor-widget-container\">\n\t\t\t\t\t<h2 class=\"elementor-heading-title elementor-size-default\">Keramik Versiegelung<\/h2>\t\t\t\t<\/div>\n\t\t\t\t<\/div>\n\t\t\t\t<div class=\"elementor-element elementor-element-2107b43 elementor-widget elementor-widget-text-editor\" data-id=\"2107b43\" data-element_type=\"widget\" data-e-type=\"widget\" data-widget_type=\"text-editor.default\">\n\t\t\t\t<div class=\"elementor-widget-container\">\n\t\t\t\t\t\t\t\t\t<p>Unter einer\u00a0<strong>Keramikversiegelung<\/strong>\u00a0versteht man eine transparente und damit nicht sichtbare\u00a0<strong>Oberfl\u00e4chenversiegelung und Oberfl\u00e4chenveredelung<\/strong>. Die Keramikversiegelung ist nicht nur transparent, sondern auch farb- und geruchsneutral. Genau genommen kommt bei der Keramikversiegelung das chemische Element Silizium auf Polymerbasis zum Einsatz. Silizium ist ein ungiftiges Halbmetall und \u00e4hnelt im Rahmen der Lackpflege einer fl\u00fcssigen Panzerglasbeschichtung. Insofern kann die Keramikversiegelung bei allen erdenklichen Lacken \u2013 vom Uni-Lack bis hin zum Metallic-Lack \u2013 vorgenommen werden. Ein wichtiger Vorteil der Keramikversiegelung ist, dass der Lack besonders langanhaltend versiegelt und damit gegen Witterungsbedingungen gesch\u00fctzt ist. Professionell durchgef\u00fchrte Keramikversiegelungen k\u00f6nnen ihre Wirkung auch noch\u00a0<strong>nach f\u00fcnf bis sieben Jahren<\/strong>\u00a0entfalten. Die klassische Autoversiegelung mittels Autowachs h\u00e4lt hingegen nur einige Autow\u00e4schen durch. Der Grund f\u00fcr die enorme Best\u00e4ndigkeit und Haltbarkeit ist, dass die Keramikversiegelung vergleichsweise\u00a0<strong>abriebfest<\/strong>\u00a0ist. Auch nach einigen Autow\u00e4schen sorgt die Keramikversiegelung f\u00fcr einen entsprechenden Schutz des Autolacks.<\/p>\t\t\t\t\t\t\t\t<\/div>\n\t\t\t\t<\/div>\n\t\t\t\t\t<\/div>\n\t\t<\/div>\n\t\t\t\t<div class=\"elementor-column elementor-col-50 elementor-top-column elementor-element elementor-element-8a8c920\" data-id=\"8a8c920\" data-element_type=\"column\" data-e-type=\"column\">\n\t\t\t<div class=\"elementor-widget-wrap elementor-element-populated\">\n\t\t\t\t\t\t<div class=\"elementor-element elementor-element-a8fa8f3 elementor-widget elementor-widget-image\" data-id=\"a8fa8f3\" data-element_type=\"widget\" data-e-type=\"widget\" data-widget_type=\"image.default\">\n\t\t\t\t<div class=\"elementor-widget-container\">\n\t\t\t\t\t\t\t\t\t\t\t\t\t\t\t<img decoding=\"async\" width=\"960\" height=\"720\" src=\"https:\/\/waschprinz-my.de\/wp-content\/uploads\/2020\/05\/wasch3.jpg\" class=\"attachment-full size-full wp-image-91\" alt=\"\" srcset=\"https:\/\/waschprinz-my.de\/wp-content\/uploads\/2020\/05\/wasch3.jpg 960w, https:\/\/waschprinz-my.de\/wp-content\/uploads\/2020\/05\/wasch3-300x225.jpg 300w, https:\/\/waschprinz-my.de\/wp-content\/uploads\/2020\/05\/wasch3-768x576.jpg 768w, https:\/\/waschprinz-my.de\/wp-content\/uploads\/2020\/05\/wasch3-830x623.jpg 830w, https:\/\/waschprinz-my.de\/wp-content\/uploads\/2020\/05\/wasch3-230x173.jpg 230w, https:\/\/waschprinz-my.de\/wp-content\/uploads\/2020\/05\/wasch3-350x263.jpg 350w, https:\/\/waschprinz-my.de\/wp-content\/uploads\/2020\/05\/wasch3-480x360.jpg 480w\" sizes=\"(max-width: 960px) 100vw, 960px\" \/>\t\t\t\t\t\t\t\t\t\t\t\t\t\t\t<\/div>\n\t\t\t\t<\/div>\n\t\t\t\t\t<\/div>\n\t\t<\/div>\n\t\t\t\t\t<\/div>\n\t\t<\/section>\n\t\t\t\t<\/div>\n\t\t","protected":false},"excerpt":{"rendered":"<p>Unsere Leistungen Wir reinigen Ihr Fahrzeug, Motorrad, Wohnmobil oder Boot ganz nach Ihren Bed\u00fcrfnissen. Unteranderem koplett Aufbereitungen innen- und au\u00dfen. Des Weiteren [&hellip;]<\/p>\n","protected":false},"author":1,"featured_media":82,"parent":0,"menu_order":0,"comment_status":"closed","ping_status":"closed","template":"elementor_header_footer","meta":{"footnotes":""},"class_list":["post-38","page","type-page","status-publish","has-post-thumbnail","hentry"],"_links":{"self":[{"href":"https:\/\/waschprinz-my.de\/index.php?rest_route=\/wp\/v2\/pages\/38","targetHints":{"allow":["GET"]}}],"collection":[{"href":"https:\/\/waschprinz-my.de\/index.php?rest_route=\/wp\/v2\/pages"}],"about":[{"href":"https:\/\/waschprinz-my.de\/index.php?rest_route=\/wp\/v2\/types\/page"}],"author":[{"embeddable":true,"href":"https:\/\/waschprinz-my.de\/index.php?rest_route=\/wp\/v2\/users\/1"}],"replies":[{"embeddable":true,"href":"https:\/\/waschprinz-my.de\/index.php?rest_route=%2Fwp%2Fv2%2Fcomments&post=38"}],"version-history":[{"count":8,"href":"https:\/\/waschprinz-my.de\/index.php?rest_route=\/wp\/v2\/pages\/38\/revisions"}],"predecessor-version":[{"id":101,"href":"https:\/\/waschprinz-my.de\/index.php?rest_route=\/wp\/v2\/pages\/38\/revisions\/101"}],"wp:featuredmedia":[{"embeddable":true,"href":"https:\/\/waschprinz-my.de\/index.php?rest_route=\/wp\/v2\/media\/82"}],"wp:attachment":[{"href":"https:\/\/waschprinz-my.de\/index.php?rest_route=%2Fwp%2Fv2%2Fmedia&parent=38"}],"curies":[{"name":"wp","href":"https:\/\/api.w.org\/{rel}","templated":true}]}}